{"id":6,"date":"2026-02-15T15:44:44","date_gmt":"2026-02-15T14:44:44","guid":{"rendered":"https:\/\/www.tpsm34.com\/?page_id=6"},"modified":"2026-03-07T10:43:05","modified_gmt":"2026-03-07T09:43:05","slug":"societe-tpsm","status":"publish","type":"page","link":"https:\/\/www.tpsm34.com\/","title":{"rendered":"Accueil"},"content":{"rendered":"\n<p class=\"has-text-align-center has-text-color has-background has-link-color has-larger-font-size wp-elements-69cbb02889841e084d0680b5ea9ec220\" style=\"color:#af710e;background-color:#ffffff\"><strong>Soci\u00e9t\u00e9 T.P.S.M.<\/strong><br><strong>(Travaux publics et soudures Montpelli\u00e9raines) est implant\u00e9e depuis plus de 30 ans dans le secteur du terrassement sur la R\u00e9gion Occitanie.<\/strong><\/p>\n\n\n<div class=\"wp-block-image\">\n<figure class=\"aligncenter size-full is-resized\"><img loading=\"lazy\" decoding=\"async\" width=\"240\" height=\"213\" src=\"https:\/\/www.tpsm34.com\/wp-content\/uploads\/2026\/02\/logo-TPSM2.jpg\" alt=\"\" class=\"wp-image-46\" style=\"width:374px;height:auto\" srcset=\"https:\/\/www.tpsm34.com\/wp-content\/uploads\/2026\/02\/logo-TPSM2.jpg 240w, https:\/\/www.tpsm34.com\/wp-content\/uploads\/2026\/02\/logo-TPSM2-225x200.jpg 225w\" sizes=\"auto, (max-width: 240px) 100vw, 240px\" \/><\/figure>\n<\/div>\n\n\n<p class=\"has-text-align-center has-text-color has-link-color has-larger-font-size wp-elements-92655fcf3d3f21f6db8caab71f46dc5b\" style=\"color:#c48319\"><strong>Pour professionnels et particuliers<\/strong><\/p>\n\n\n\n<hr class=\"wp-block-separator has-alpha-channel-opacity\"\/>\n\n\n\n<p class=\"has-text-align-center has-normal-font-size\" style=\"font-style:normal;font-weight:600\">L&rsquo;entreprise T.P.S.M. (travaux publics et soudures Montpelli\u00e9raines) est implant\u00e9e depuis 1994 dans le secteur du terrassement sur r\u00e9seaux secs.<\/p>\n\n\n\n<p class=\"has-text-align-center has-normal-font-size\" style=\"font-style:normal;font-weight:600\">Disponible pour tous types de travaux pr\u00e9paratoires, l&rsquo;entreprise dispose d&rsquo;un mat\u00e9riel adapt\u00e9 aux m\u00e9thodes douces (aspiratrice, ampriroll, dumper&#8230;)<\/p>\n\n\n\n<hr class=\"wp-block-separator has-alpha-channel-opacity\"\/>\n\n\n\n<p class=\"has-text-align-center\"><\/p>\n","protected":false},"excerpt":{"rendered":"<p>Soci\u00e9t\u00e9 T.P.S.M.(Travaux publics et soudures Montpelli\u00e9raines) est implant\u00e9e depuis plus de 30 ans dans le secteur du terrassement sur la R\u00e9gion Occitanie. Pour professionnels et particuliers L&rsquo;entreprise T.P.S.M. (travaux publics et soudures Montpelli\u00e9raines) est implant\u00e9e depuis 1994 dans le secteur du terrassement sur r\u00e9seaux secs. Disponible pour tous types de &hellip;<\/p>\n","protected":false},"author":1,"featured_media":0,"parent":0,"menu_order":0,"comment_status":"closed","ping_status":"closed","template":"","meta":{"footnotes":""},"class_list":["post-6","page","type-page","status-publish","hentry"],"_links":{"self":[{"href":"https:\/\/www.tpsm34.com\/index.php\/wp-json\/wp\/v2\/pages\/6","targetHints":{"allow":["GET"]}}],"collection":[{"href":"https:\/\/www.tpsm34.com\/index.php\/wp-json\/wp\/v2\/pages"}],"about":[{"href":"https:\/\/www.tpsm34.com\/index.php\/wp-json\/wp\/v2\/types\/page"}],"author":[{"embeddable":true,"href":"https:\/\/www.tpsm34.com\/index.php\/wp-json\/wp\/v2\/users\/1"}],"replies":[{"embeddable":true,"href":"https:\/\/www.tpsm34.com\/index.php\/wp-json\/wp\/v2\/comments?post=6"}],"version-history":[{"count":12,"href":"https:\/\/www.tpsm34.com\/index.php\/wp-json\/wp\/v2\/pages\/6\/revisions"}],"predecessor-version":[{"id":118,"href":"https:\/\/www.tpsm34.com\/index.php\/wp-json\/wp\/v2\/pages\/6\/revisions\/118"}],"wp:attachment":[{"href":"https:\/\/www.tpsm34.com\/index.php\/wp-json\/wp\/v2\/media?parent=6"}],"curies":[{"name":"wp","href":"https:\/\/api.w.org\/{rel}","templated":true}]}}