{"id":65,"date":"2026-03-02T10:06:40","date_gmt":"2026-03-02T09:06:40","guid":{"rendered":"https:\/\/www.tpsm34.com\/?page_id=65"},"modified":"2026-03-02T10:11:44","modified_gmt":"2026-03-02T09:11:44","slug":"reseaux-secs","status":"publish","type":"page","link":"https:\/\/www.tpsm34.com\/index.php\/reseaux-secs\/","title":{"rendered":"R\u00e9seaux Secs"},"content":{"rendered":"\n<p><br><strong>Construction et r\u00e9novation de r\u00e9seaux secs<\/strong>.<\/p>\n\n\n\n<p>R\u00e9seaux GRDF<\/p>\n\n\n\n<figure class=\"wp-block-gallery has-nested-images columns-default is-cropped wp-block-gallery-1 is-layout-flex wp-block-gallery-is-layout-flex\">\n<figure class=\"wp-block-image size-full\"><img loading=\"lazy\" decoding=\"async\" width=\"480\" height=\"617\" data-id=\"68\" src=\"https:\/\/www.tpsm34.com\/wp-content\/uploads\/2026\/03\/image4.png\" alt=\"\" class=\"wp-image-68\" srcset=\"https:\/\/www.tpsm34.com\/wp-content\/uploads\/2026\/03\/image4.png 480w, https:\/\/www.tpsm34.com\/wp-content\/uploads\/2026\/03\/image4-233x300.png 233w, https:\/\/www.tpsm34.com\/wp-content\/uploads\/2026\/03\/image4-156x200.png 156w\" sizes=\"auto, (max-width: 480px) 100vw, 480px\" \/><\/figure>\n\n\n\n<figure class=\"wp-block-image size-large\"><img loading=\"lazy\" decoding=\"async\" width=\"281\" height=\"395\" data-id=\"67\" src=\"https:\/\/www.tpsm34.com\/wp-content\/uploads\/2026\/03\/image3.png\" alt=\"\" class=\"wp-image-67\" srcset=\"https:\/\/www.tpsm34.com\/wp-content\/uploads\/2026\/03\/image3.png 281w, https:\/\/www.tpsm34.com\/wp-content\/uploads\/2026\/03\/image3-213x300.png 213w, https:\/\/www.tpsm34.com\/wp-content\/uploads\/2026\/03\/image3-142x200.png 142w\" sizes=\"auto, (max-width: 281px) 100vw, 281px\" \/><\/figure>\n\n\n\n<figure class=\"wp-block-image size-large\"><img loading=\"lazy\" decoding=\"async\" width=\"277\" height=\"365\" data-id=\"66\" src=\"https:\/\/www.tpsm34.com\/wp-content\/uploads\/2026\/03\/image2.png\" alt=\"\" class=\"wp-image-66\" srcset=\"https:\/\/www.tpsm34.com\/wp-content\/uploads\/2026\/03\/image2.png 277w, https:\/\/www.tpsm34.com\/wp-content\/uploads\/2026\/03\/image2-228x300.png 228w, https:\/\/www.tpsm34.com\/wp-content\/uploads\/2026\/03\/image2-152x200.png 152w\" sizes=\"auto, (max-width: 277px) 100vw, 277px\" \/><\/figure>\n<\/figure>\n","protected":false},"excerpt":{"rendered":"<p>Construction et r\u00e9novation de r\u00e9seaux secs. R\u00e9seaux GRDF<\/p>\n","protected":false},"author":1,"featured_media":0,"parent":0,"menu_order":0,"comment_status":"closed","ping_status":"closed","template":"","meta":{"footnotes":""},"class_list":["post-65","page","type-page","status-publish","hentry"],"_links":{"self":[{"href":"https:\/\/www.tpsm34.com\/index.php\/wp-json\/wp\/v2\/pages\/65","targetHints":{"allow":["GET"]}}],"collection":[{"href":"https:\/\/www.tpsm34.com\/index.php\/wp-json\/wp\/v2\/pages"}],"about":[{"href":"https:\/\/www.tpsm34.com\/index.php\/wp-json\/wp\/v2\/types\/page"}],"author":[{"embeddable":true,"href":"https:\/\/www.tpsm34.com\/index.php\/wp-json\/wp\/v2\/users\/1"}],"replies":[{"embeddable":true,"href":"https:\/\/www.tpsm34.com\/index.php\/wp-json\/wp\/v2\/comments?post=65"}],"version-history":[{"count":2,"href":"https:\/\/www.tpsm34.com\/index.php\/wp-json\/wp\/v2\/pages\/65\/revisions"}],"predecessor-version":[{"id":76,"href":"https:\/\/www.tpsm34.com\/index.php\/wp-json\/wp\/v2\/pages\/65\/revisions\/76"}],"wp:attachment":[{"href":"https:\/\/www.tpsm34.com\/index.php\/wp-json\/wp\/v2\/media?parent=65"}],"curies":[{"name":"wp","href":"https:\/\/api.w.org\/{rel}","templated":true}]}}