{"id":72,"date":"2026-03-02T10:11:28","date_gmt":"2026-03-02T09:11:28","guid":{"rendered":"https:\/\/www.tpsm34.com\/?page_id=72"},"modified":"2026-03-02T10:11:29","modified_gmt":"2026-03-02T09:11:29","slug":"reseaux-gaz","status":"publish","type":"page","link":"https:\/\/www.tpsm34.com\/index.php\/reseaux-gaz\/","title":{"rendered":"R\u00e9seaux Gaz"},"content":{"rendered":"\n<p>R\u00e9alisation de r\u00e9seaux de distribution publics et priv\u00e9s.<\/p>\n\n\n\n<figure class=\"wp-block-gallery has-nested-images columns-default is-cropped wp-block-gallery-1 is-layout-flex wp-block-gallery-is-layout-flex\">\n<figure class=\"wp-block-image size-full\"><img loading=\"lazy\" decoding=\"async\" width=\"277\" height=\"357\" data-id=\"73\" src=\"https:\/\/www.tpsm34.com\/wp-content\/uploads\/2026\/03\/image5.png\" alt=\"\" class=\"wp-image-73\" srcset=\"https:\/\/www.tpsm34.com\/wp-content\/uploads\/2026\/03\/image5.png 277w, https:\/\/www.tpsm34.com\/wp-content\/uploads\/2026\/03\/image5-233x300.png 233w, https:\/\/www.tpsm34.com\/wp-content\/uploads\/2026\/03\/image5-155x200.png 155w\" sizes=\"auto, (max-width: 277px) 100vw, 277px\" \/><\/figure>\n\n\n\n<figure class=\"wp-block-image size-large\"><img loading=\"lazy\" decoding=\"async\" width=\"271\" height=\"376\" data-id=\"74\" src=\"https:\/\/www.tpsm34.com\/wp-content\/uploads\/2026\/03\/image6.png\" alt=\"\" class=\"wp-image-74\" srcset=\"https:\/\/www.tpsm34.com\/wp-content\/uploads\/2026\/03\/image6.png 271w, https:\/\/www.tpsm34.com\/wp-content\/uploads\/2026\/03\/image6-216x300.png 216w, https:\/\/www.tpsm34.com\/wp-content\/uploads\/2026\/03\/image6-144x200.png 144w\" sizes=\"auto, (max-width: 271px) 100vw, 271px\" \/><\/figure>\n<\/figure>\n","protected":false},"excerpt":{"rendered":"<p>R\u00e9alisation de r\u00e9seaux de distribution publics et priv\u00e9s.<\/p>\n","protected":false},"author":1,"featured_media":0,"parent":0,"menu_order":0,"comment_status":"closed","ping_status":"closed","template":"","meta":{"footnotes":""},"class_list":["post-72","page","type-page","status-publish","hentry"],"_links":{"self":[{"href":"https:\/\/www.tpsm34.com\/index.php\/wp-json\/wp\/v2\/pages\/72","targetHints":{"allow":["GET"]}}],"collection":[{"href":"https:\/\/www.tpsm34.com\/index.php\/wp-json\/wp\/v2\/pages"}],"about":[{"href":"https:\/\/www.tpsm34.com\/index.php\/wp-json\/wp\/v2\/types\/page"}],"author":[{"embeddable":true,"href":"https:\/\/www.tpsm34.com\/index.php\/wp-json\/wp\/v2\/users\/1"}],"replies":[{"embeddable":true,"href":"https:\/\/www.tpsm34.com\/index.php\/wp-json\/wp\/v2\/comments?post=72"}],"version-history":[{"count":1,"href":"https:\/\/www.tpsm34.com\/index.php\/wp-json\/wp\/v2\/pages\/72\/revisions"}],"predecessor-version":[{"id":75,"href":"https:\/\/www.tpsm34.com\/index.php\/wp-json\/wp\/v2\/pages\/72\/revisions\/75"}],"wp:attachment":[{"href":"https:\/\/www.tpsm34.com\/index.php\/wp-json\/wp\/v2\/media?parent=72"}],"curies":[{"name":"wp","href":"https:\/\/api.w.org\/{rel}","templated":true}]}}